{"id":1485,"date":"2021-02-06T12:23:32","date_gmt":"2021-02-06T12:23:32","guid":{"rendered":"https:\/\/tmarchives.com.br\/wp\/?page_id=1485"},"modified":"2021-02-13T15:24:30","modified_gmt":"2021-02-13T15:24:30","slug":"ministerio-do-anjo","status":"publish","type":"page","link":"https:\/\/tmarchives.com.br\/wp\/?page_id=1485","title":{"rendered":"Minist\u00e9rio dos Anjos"},"content":{"rendered":"\n<div class=\"wp-block-image\"><figure class=\"aligncenter size-large\"><img loading=\"lazy\" decoding=\"async\" width=\"700\" height=\"366\" src=\"https:\/\/tmarchives.com.br\/wp\/wp-content\/uploads\/2021\/02\/imagem15.jpg\" alt=\"\" class=\"wp-image-1487\" srcset=\"https:\/\/tmarchives.com.br\/wp\/wp-content\/uploads\/2021\/02\/imagem15.jpg 700w, https:\/\/tmarchives.com.br\/wp\/wp-content\/uploads\/2021\/02\/imagem15-300x157.jpg 300w\" sizes=\"auto, (max-width: 700px) 100vw, 700px\" \/><\/figure><\/div>\n\n\n\n<figure class=\"wp-block-pullquote\" style=\"border-color:#0693e3\"><blockquote><p align=\"justify\">\u00c9 por meio da ministra\u00e7\u00e3o dos anjos que um mundo pode se manter em contato com outros mundos; e, pois, n\u00e3o tenho repetidamente dito a v\u00f3s que possuo outras ovelhas que n\u00e3o s\u00e3o deste aprisco?<\/p><\/blockquote><\/figure>\n\n\n\n<p class=\"has-text-align-center\"><a class=\"pag\" rel=\"noreferrer noopener\" href=\"http:\/\/r20.rs6.net\/tn.jsp?f=001BWAK5Mv9w4tTVQUwclAIk5ZLzJFVCb7bMT1hD_0HhqAd6HzTQ0L6lue-FNlw2LIyStsBCs6HlNr0nG_oQdlMzvAICJVPa-pZhK6cjdvzDGZplulmWW5Xpwe3_Pd9JfZXszT3PfuHZS3groX_hpdWiFcMaXUH8gBxhCU94oYn23RHhNYprP9j5gO2aMyG6h6gMvL7aaUgbKZZZiTo8-tRd_G_nJoxbe-yonThVLelFc8=&amp;c=N_YxrhZhD89LOVNldHi3tcXzBsBaHVTG1dsgaTbEVbg1_fDxd7coPg==&amp;ch=3XDR-Pa27frQgTtRzzYWOmst0b_K57EF1lpgti7LDivYLqWxRwItmg==\" target=\"_blank\">(167:7.4) 1841.3<\/a><\/p>\n\n\n\n<p>Fonte:<\/p>\n\n\n\n<p align=\"center\"><strong><a href=\"https:\/\/www.urantia.org\/\"  class=\"pag\">Urantia Foundation | 533 Diversey Parkway, Chicago, IL 60614<\/a><\/strong><\/p><\/p>\n\n\n\n<p class=\"has-text-align-right\"><br><br><a class=\"pag\" href=\"https:\/\/tmarchives.com.br\/wp\/?page_id=1340\">Voltar<\/a><\/p>\n","protected":false},"excerpt":{"rendered":"<p>\u00c9 por meio da ministra\u00e7\u00e3o dos anjos que um mundo pode se manter em contato com outros mundos; e, pois, n\u00e3o tenho repetidamente dito a v\u00f3s que possuo outras ovelhas que n\u00e3o s\u00e3o deste aprisco? (167:7.4) 1841.3 Fonte: Urantia Foundation | 533 Diversey Parkway, Chicago, [&hellip;]<\/p>\n","protected":false},"author":1,"featured_media":0,"parent":0,"menu_order":0,"comment_status":"closed","ping_status":"closed","template":"","meta":{"footnotes":""},"class_list":["post-1485","page","type-page","status-publish","hentry"],"_links":{"self":[{"href":"https:\/\/tmarchives.com.br\/wp\/index.php?rest_route=\/wp\/v2\/pages\/1485","targetHints":{"allow":["GET"]}}],"collection":[{"href":"https:\/\/tmarchives.com.br\/wp\/index.php?rest_route=\/wp\/v2\/pages"}],"about":[{"href":"https:\/\/tmarchives.com.br\/wp\/index.php?rest_route=\/wp\/v2\/types\/page"}],"author":[{"embeddable":true,"href":"https:\/\/tmarchives.com.br\/wp\/index.php?rest_route=\/wp\/v2\/users\/1"}],"replies":[{"embeddable":true,"href":"https:\/\/tmarchives.com.br\/wp\/index.php?rest_route=%2Fwp%2Fv2%2Fcomments&post=1485"}],"version-history":[{"count":5,"href":"https:\/\/tmarchives.com.br\/wp\/index.php?rest_route=\/wp\/v2\/pages\/1485\/revisions"}],"predecessor-version":[{"id":1612,"href":"https:\/\/tmarchives.com.br\/wp\/index.php?rest_route=\/wp\/v2\/pages\/1485\/revisions\/1612"}],"wp:attachment":[{"href":"https:\/\/tmarchives.com.br\/wp\/index.php?rest_route=%2Fwp%2Fv2%2Fmedia&parent=1485"}],"curies":[{"name":"wp","href":"https:\/\/api.w.org\/{rel}","templated":true}]}}