{"id":1478,"date":"2021-02-05T13:59:24","date_gmt":"2021-02-05T13:59:24","guid":{"rendered":"https:\/\/tmarchives.com.br\/wp\/?page_id=1478"},"modified":"2021-02-13T15:23:57","modified_gmt":"2021-02-13T15:23:57","slug":"1478-2","status":"publish","type":"page","link":"https:\/\/tmarchives.com.br\/wp\/?page_id=1478","title":{"rendered":"Considere os corvos"},"content":{"rendered":"\n<div class=\"wp-block-image\"><figure class=\"aligncenter size-large\"><img loading=\"lazy\" decoding=\"async\" width=\"700\" height=\"318\" src=\"https:\/\/tmarchives.com.br\/wp\/wp-content\/uploads\/2021\/02\/imagem14.jpg\" alt=\"\" class=\"wp-image-1479\" srcset=\"https:\/\/tmarchives.com.br\/wp\/wp-content\/uploads\/2021\/02\/imagem14.jpg 700w, https:\/\/tmarchives.com.br\/wp\/wp-content\/uploads\/2021\/02\/imagem14-300x136.jpg 300w\" sizes=\"auto, (max-width: 700px) 100vw, 700px\" \/><\/figure><\/div>\n\n\n\n<figure class=\"wp-block-pullquote\" style=\"border-color:#0693e3\"><blockquote><p align=\"justify\">&#8220;Quando voc\u00ea \u00e9 tentado a duvidar da certeza do seu p\u00e3o, considere os corvos; eles n\u00e3o semeiam nem colhem, eles n\u00e3o t\u00eam dep\u00f3sitos ou celeiros, e ainda assim o Pai fornece alimento para cada um daqueles que o procuram.&#8221;<\/p><\/blockquote><\/figure>\n\n\n\n<p class=\"has-text-align-center\"><a class=\"pag\" href=\"http:\/\/r20.rs6.net\/tn.jsp?f=001UwfkuYwBavY1RA064_V5ChIf_f4sOtDpkfLxVlbdFRfwGrk6m89DoRlU8ySJdAmOodcut-lzuRnmZLjInjXDi4G4mbt29FugBgEs-wlWpNkF-ork0v7C6a2RgO8ExRTddaRzje8qbCiiRE6AuygkiJ-308Z0a583y4QbJ88FEQQv76VcesArthG2GdB5VTwsw3MM-rY_1Z81j7uT65dxqZzIUMF4o0rXuCVUXLaK9Ms=&amp;c=4UBMrnxVfKwVy1h5CpbX2POPCB1X85hoHC0-SrbKMLLbW5LPXDt69w==&amp;ch=hlgiSZy7x3_zMax69ReQHxWHs1wYQZvMSLENcljNHe1MYZ5OrKOg6g==\" target=\"_blank\" rel=\"noreferrer noopener\">(165:5.2) 1823.2<\/a><\/p>\n\n\n\n<p>Fonte:<\/p>\n\n\n\n<p align=\"center\"><strong><a href=\"https:\/\/www.urantia.org\/\"  class=\"pag\">Urantia Foundation | 533 Diversey Parkway, Chicago, IL 60614<\/a><\/strong><\/p><\/p>\n\n\n\n<p class=\"has-text-align-right\"><br><br><a class=\"pag\" href=\"https:\/\/tmarchives.com.br\/wp\/?page_id=1340\">Voltar<\/a><\/p>\n","protected":false},"excerpt":{"rendered":"<p>&#8220;Quando voc\u00ea \u00e9 tentado a duvidar da certeza do seu p\u00e3o, considere os corvos; eles n\u00e3o semeiam nem colhem, eles n\u00e3o t\u00eam dep\u00f3sitos ou celeiros, e ainda assim o Pai fornece alimento para cada um daqueles que o procuram.&#8221; (165:5.2) 1823.2 Fonte: Urantia Foundation | [&hellip;]<\/p>\n","protected":false},"author":1,"featured_media":0,"parent":0,"menu_order":0,"comment_status":"closed","ping_status":"closed","template":"","meta":{"footnotes":""},"class_list":["post-1478","page","type-page","status-publish","hentry"],"_links":{"self":[{"href":"https:\/\/tmarchives.com.br\/wp\/index.php?rest_route=\/wp\/v2\/pages\/1478","targetHints":{"allow":["GET"]}}],"collection":[{"href":"https:\/\/tmarchives.com.br\/wp\/index.php?rest_route=\/wp\/v2\/pages"}],"about":[{"href":"https:\/\/tmarchives.com.br\/wp\/index.php?rest_route=\/wp\/v2\/types\/page"}],"author":[{"embeddable":true,"href":"https:\/\/tmarchives.com.br\/wp\/index.php?rest_route=\/wp\/v2\/users\/1"}],"replies":[{"embeddable":true,"href":"https:\/\/tmarchives.com.br\/wp\/index.php?rest_route=%2Fwp%2Fv2%2Fcomments&post=1478"}],"version-history":[{"count":4,"href":"https:\/\/tmarchives.com.br\/wp\/index.php?rest_route=\/wp\/v2\/pages\/1478\/revisions"}],"predecessor-version":[{"id":1611,"href":"https:\/\/tmarchives.com.br\/wp\/index.php?rest_route=\/wp\/v2\/pages\/1478\/revisions\/1611"}],"wp:attachment":[{"href":"https:\/\/tmarchives.com.br\/wp\/index.php?rest_route=%2Fwp%2Fv2%2Fmedia&parent=1478"}],"curies":[{"name":"wp","href":"https:\/\/api.w.org\/{rel}","templated":true}]}}