{"id":1464,"date":"2021-02-03T12:51:20","date_gmt":"2021-02-03T12:51:20","guid":{"rendered":"https:\/\/tmarchives.com.br\/wp\/?page_id=1464"},"modified":"2021-02-13T15:23:00","modified_gmt":"2021-02-13T15:23:00","slug":"recebendo-os-presentes-do-pai","status":"publish","type":"page","link":"https:\/\/tmarchives.com.br\/wp\/?page_id=1464","title":{"rendered":"Recebendo os presentes do PAI"},"content":{"rendered":"\n<div class=\"wp-block-image\"><figure class=\"aligncenter size-large\"><img loading=\"lazy\" decoding=\"async\" width=\"700\" height=\"342\" src=\"https:\/\/tmarchives.com.br\/wp\/wp-content\/uploads\/2021\/02\/imagem12.jpg\" alt=\"\" class=\"wp-image-1465\" srcset=\"https:\/\/tmarchives.com.br\/wp\/wp-content\/uploads\/2021\/02\/imagem12.jpg 700w, https:\/\/tmarchives.com.br\/wp\/wp-content\/uploads\/2021\/02\/imagem12-300x147.jpg 300w\" sizes=\"auto, (max-width: 700px) 100vw, 700px\" \/><\/figure><\/div>\n\n\n\n<figure class=\"wp-block-pullquote\" style=\"border-color:#0693e3\"><blockquote><p align=\"justify\">&#8220;Embora o Pai n\u00e3o fa\u00e7a acep\u00e7\u00e3o de pessoas, na concess\u00e3o dos dons espirituais ele \u00e9 limitado pela f\u00e9 do homem e por sua disposi\u00e7\u00e3o de sempre cumprir a vontade do Pai.&#8221;<\/p><\/blockquote><\/figure>\n\n\n\n<p class=\"has-text-align-center\"><a class=\"pag\" href=\"http:\/\/r20.rs6.net\/tn.jsp?f=001-DPCOrCbcDrzjBNjJavf0AKPnZzTFv2YtMC4JY3uVGdQfygcLzpKKhAuW-wX8zxkFvvrNcpYY6yP1ywWzWyJ37LWS9hUMdhMY1oRgxagjiqPLRlU6pVH_CU6-57W1bZlGX5B6HApS9dgWR03y1MT1H9YsxRN4jIQyEjQcDI2ZSjQQpOBw57S3E_MvGg05KZI5lYCXDs73-6x3cMTWFJnhx4bPBz4PP64c7kevO8sInjxJU7efkn_tw==&amp;c=DGbn0NQ5QZYZbtOT_UN7dgwr2SXA-sX2CeZue8sbxBBMw3gGD18NdA==&amp;ch=wYlZYGkwmQD7erwL2hsF4_qKPYzNtP9W8ItcdVYJtXvuyIw5W5ZuvA==\" target=\"_blank\" rel=\"noreferrer noopener\">(166:4.11) 1831.2<\/a><\/p>\n\n\n\n<p>Fonte:<\/p>\n\n\n\n<p align=\"center\"><strong><a href=\"https:\/\/www.urantia.org\/\"  class=\"pag\">Urantia Foundation | 533 Diversey Parkway, Chicago, IL 60614<\/a><\/strong><\/p><\/p>\n\n\n\n<p class=\"has-text-align-right\"><br><br><a class=\"pag\" href=\"https:\/\/tmarchives.com.br\/wp\/?page_id=1340\">Voltar<\/a><\/p>\n","protected":false},"excerpt":{"rendered":"<p>&#8220;Embora o Pai n\u00e3o fa\u00e7a acep\u00e7\u00e3o de pessoas, na concess\u00e3o dos dons espirituais ele \u00e9 limitado pela f\u00e9 do homem e por sua disposi\u00e7\u00e3o de sempre cumprir a vontade do Pai.&#8221; (166:4.11) 1831.2 Fonte: Urantia Foundation | 533 Diversey Parkway, Chicago, IL 60614 Voltar<\/p>\n","protected":false},"author":1,"featured_media":0,"parent":0,"menu_order":0,"comment_status":"closed","ping_status":"closed","template":"","meta":{"footnotes":""},"class_list":["post-1464","page","type-page","status-publish","hentry"],"_links":{"self":[{"href":"https:\/\/tmarchives.com.br\/wp\/index.php?rest_route=\/wp\/v2\/pages\/1464","targetHints":{"allow":["GET"]}}],"collection":[{"href":"https:\/\/tmarchives.com.br\/wp\/index.php?rest_route=\/wp\/v2\/pages"}],"about":[{"href":"https:\/\/tmarchives.com.br\/wp\/index.php?rest_route=\/wp\/v2\/types\/page"}],"author":[{"embeddable":true,"href":"https:\/\/tmarchives.com.br\/wp\/index.php?rest_route=\/wp\/v2\/users\/1"}],"replies":[{"embeddable":true,"href":"https:\/\/tmarchives.com.br\/wp\/index.php?rest_route=%2Fwp%2Fv2%2Fcomments&post=1464"}],"version-history":[{"count":3,"href":"https:\/\/tmarchives.com.br\/wp\/index.php?rest_route=\/wp\/v2\/pages\/1464\/revisions"}],"predecessor-version":[{"id":1609,"href":"https:\/\/tmarchives.com.br\/wp\/index.php?rest_route=\/wp\/v2\/pages\/1464\/revisions\/1609"}],"wp:attachment":[{"href":"https:\/\/tmarchives.com.br\/wp\/index.php?rest_route=%2Fwp%2Fv2%2Fmedia&parent=1464"}],"curies":[{"name":"wp","href":"https:\/\/api.w.org\/{rel}","templated":true}]}}