{"id":1404,"date":"2021-01-29T14:37:58","date_gmt":"2021-01-29T14:37:58","guid":{"rendered":"http:\/\/tmarchives.com.br\/wp\/?page_id=1404"},"modified":"2021-02-13T15:18:45","modified_gmt":"2021-02-13T15:18:45","slug":"nunca-se-envolva-em-opressao","status":"publish","type":"page","link":"https:\/\/tmarchives.com.br\/wp\/?page_id=1404","title":{"rendered":"Nunca se envolva em opress\u00e3o"},"content":{"rendered":"\n<div class=\"wp-block-image\"><figure class=\"aligncenter size-large\"><img loading=\"lazy\" decoding=\"async\" width=\"700\" height=\"387\" src=\"http:\/\/tmarchives.com.br\/wp\/wp-content\/uploads\/2021\/01\/imagem5.jpg\" alt=\"\" class=\"wp-image-1402\" srcset=\"https:\/\/tmarchives.com.br\/wp\/wp-content\/uploads\/2021\/01\/imagem5.jpg 700w, https:\/\/tmarchives.com.br\/wp\/wp-content\/uploads\/2021\/01\/imagem5-300x166.jpg 300w\" sizes=\"auto, (max-width: 700px) 100vw, 700px\" \/><\/figure><\/div>\n\n\n\n<figure class=\"wp-block-pullquote\" style=\"border-color:#0693e3\"><blockquote><p align=\"JUSTIFY\">&#8220;Nenhum mortal que conhece a Deus e busca fazer a vontade divina pode se rebaixar para se envolver na opress\u00e3o da riqueza. Nenhum homem nobre se esfor\u00e7ar\u00e1 para acumular riquezas e acumular riqueza e poder pela escravid\u00e3o ou explora\u00e7\u00e3o injusta de seus irm\u00e3os na carne.&#8221;<\/p><\/blockquote><\/figure>\n\n\n\n<p class=\"has-text-align-center\"><a class=\"pag\" href=\"http:\/\/r20.rs6.net\/tn.jsp?f=001AmsX8VxTM55IL43Rn_37FVyjBDUFiJBEiqLxvR4MXTWE8YDWX1dEWt_iEBCWbgtqDS-zBr7yYFEoISKq7-CrLMiYHczMm2e9Y_GCWR3alN_6UGBQKqv0hXPJp_-snDK0MPevxBrqd-lAn-ASoeUEDJDLu5S9tSQ_v-4mxqDfUhC1S-mLiIW6D9ucDkumBclnQXUeU3wrfpzUzk4yxT2XptqBueZ3IXC8&amp;c=sFwe9jSp6lH-_RX4q_laV-VtrbrFq056TnEATujuPdVdyQezHne-uQ==&amp;ch=LSBjtEgEXm3HnvSrdTRwyN3MF8WCGyllid-bdi_FWihhtriWVJx-1w==\" target=\"_blank\" rel=\"noreferrer noopener\">(132:5.18) 1464.2<\/a><\/p>\n\n\n\n<p>Fonte:<\/p>\n\n\n\n<p align=\"center\"><strong><a href=\"https:\/\/www.urantia.org\/\"  class=\"pag\">Urantia Foundation | 533 Diversey Parkway, Chicago, IL 60614<\/a><\/strong><\/p><\/p>\n\n\n\n<p class=\"has-text-align-right\"><br><br><a class=\"pag\" href=\"https:\/\/tmarchives.com.br\/wp\/?page_id=1340\">Voltar<\/a><\/p>\n","protected":false},"excerpt":{"rendered":"<p>&#8220;Nenhum mortal que conhece a Deus e busca fazer a vontade divina pode se rebaixar para se envolver na opress\u00e3o da riqueza. Nenhum homem nobre se esfor\u00e7ar\u00e1 para acumular riquezas e acumular riqueza e poder pela escravid\u00e3o ou explora\u00e7\u00e3o injusta de seus irm\u00e3os na carne.&#8221; [&hellip;]<\/p>\n","protected":false},"author":1,"featured_media":0,"parent":0,"menu_order":0,"comment_status":"closed","ping_status":"closed","template":"","meta":{"footnotes":""},"class_list":["post-1404","page","type-page","status-publish","hentry"],"_links":{"self":[{"href":"https:\/\/tmarchives.com.br\/wp\/index.php?rest_route=\/wp\/v2\/pages\/1404","targetHints":{"allow":["GET"]}}],"collection":[{"href":"https:\/\/tmarchives.com.br\/wp\/index.php?rest_route=\/wp\/v2\/pages"}],"about":[{"href":"https:\/\/tmarchives.com.br\/wp\/index.php?rest_route=\/wp\/v2\/types\/page"}],"author":[{"embeddable":true,"href":"https:\/\/tmarchives.com.br\/wp\/index.php?rest_route=\/wp\/v2\/users\/1"}],"replies":[{"embeddable":true,"href":"https:\/\/tmarchives.com.br\/wp\/index.php?rest_route=%2Fwp%2Fv2%2Fcomments&post=1404"}],"version-history":[{"count":6,"href":"https:\/\/tmarchives.com.br\/wp\/index.php?rest_route=\/wp\/v2\/pages\/1404\/revisions"}],"predecessor-version":[{"id":1600,"href":"https:\/\/tmarchives.com.br\/wp\/index.php?rest_route=\/wp\/v2\/pages\/1404\/revisions\/1600"}],"wp:attachment":[{"href":"https:\/\/tmarchives.com.br\/wp\/index.php?rest_route=%2Fwp%2Fv2%2Fmedia&parent=1404"}],"curies":[{"name":"wp","href":"https:\/\/api.w.org\/{rel}","templated":true}]}}