{"id":1340,"date":"2021-01-29T12:06:19","date_gmt":"2021-01-29T12:06:19","guid":{"rendered":"http:\/\/tmarchives.com.br\/wp\/?page_id=1340"},"modified":"2024-01-08T01:29:58","modified_gmt":"2024-01-08T01:29:58","slug":"um-pensamento","status":"publish","type":"page","link":"https:\/\/tmarchives.com.br\/wp\/?page_id=1340","title":{"rendered":"Um pensamento &#8211; Parte II"},"content":{"rendered":"\n<p style=\"font-size:19px\"><strong>Pensamentos para refletir sobre O Livro de Ur\u00e2ntia<\/strong>.<\/p>\n\n\n\n<ol start=\"101\"><strong>\n<li><a class=\"pag\" href=\"http:\/\/tmarchives.com.br\/wp\/?page_id=2401\">Progresso do Esp\u00edrito<\/a> <\/li> \n<li><a class=\"pag\" href=\"http:\/\/tmarchives.com.br\/wp\/?page_id=2439\">Escolhendo a sobreviv\u00eancia<\/a> <\/li> \n<li><a class=\"pag\" href=\"http:\/\/tmarchives.com.br\/wp\/?page_id=2445\">A alma imortal<\/a> <\/li> \n<li><a class=\"pag\" href=\"http:\/\/tmarchives.com.br\/wp\/?page_id=2448\">Orar<\/a><\/li> \n<li><a class=\"pag\" href=\"http:\/\/tmarchives.com.br\/wp\/?page_id=2456\">Apenas uma batalha<\/a> <\/li> \n<li><a class=\"pag\" href=\"http:\/\/tmarchives.com.br\/wp\/?page_id=2454\">Feliz Dia das M\u00e3es!<\/a> <\/li> \n<li><a class=\"pag\" href=\"http:\/\/tmarchives.com.br\/wp\/?page_id=2481\">Energias Redirecionadas<\/a><\/li> \n<li><a class=\"pag\" href=\"http:\/\/tmarchives.com.br\/wp\/?page_id=2488\">Todas as necessidades fornecidas<\/a><\/li>\n<li><a class=\"pag\" href=\"http:\/\/tmarchives.com.br\/wp\/?page_id=2927\">A sombra do erro<\/a><\/li>\n<li><a class=\"pag\" href=\"http:\/\/tmarchives.com.br\/wp\/?page_id=2493\">Ore como uma crian\u00e7a<\/a> <\/li> \n<li><a class=\"pag\" href=\"http:\/\/tmarchives.com.br\/wp\/?page_id=2193\">Um ant\u00eddoto divino<\/a><\/li> \n<li><a class=\"pag\" href=\"http:\/\/tmarchives.com.br\/wp\/?page_id=2507\">F\u00e9 Crescente<\/a><\/li> \n<li><a class=\"pag\" href=\"http:\/\/tmarchives.com.br\/wp\/?page_id=2511\">Mais do que conquistadores<\/a> <\/li> \n<li><a class=\"pag\" href=\"http:\/\/tmarchives.com.br\/wp\/?page_id=2516\">Servi\u00e7o Amoroso<\/a> <\/li> \n<li><a class=\"pag\" href=\"http:\/\/tmarchives.com.br\/wp\/?page_id=2524\">Bondade Revelada<\/a> <\/li> \n<li><a class=\"pag\" href=\"http:\/\/tmarchives.com.br\/wp\/?page_id=2533\">Pentecostes<\/a> <\/li> \n<li><a class=\"pag\" href=\"http:\/\/tmarchives.com.br\/wp\/?page_id=2538\">A Miss\u00e3o do Esp\u00edrito da Verdade<\/a> <\/li> \n<li><a class=\"pag\" href=\"http:\/\/tmarchives.com.br\/wp\/?page_id=2542\">Nunca abandonado<\/a> <\/li> \n<li><a class=\"pag\" href=\"http:\/\/tmarchives.com.br\/wp\/?page_id=2546\">O perd\u00e3o divino \u00e9 inevit\u00e1vel<\/a> <\/li> \n<li><a class=\"pag\" href=\"http:\/\/tmarchives.com.br\/wp\/?page_id=2551\">Descobrindo a Divindade<\/a><\/li>\n<li><a class=\"pag\" href=\"http:\/\/tmarchives.com.br\/wp\/?page_id=2565\">O Pr\u00edncipe do C\u00e9u se revela<\/a><\/li>  \n<li><a class=\"pag\" href=\"http:\/\/tmarchives.com.br\/wp\/?page_id=2587\">Encontrando o Supremo<\/a><\/li>  \n<li><a class=\"pag\" href=\"http:\/\/tmarchives.com.br\/wp\/?page_id=2591\">\u00c9tica Din\u00e2mica<\/a><\/li>  \n<li><a class=\"pag\" href=\"http:\/\/tmarchives.com.br\/wp\/?page_id=2600\">Provid\u00eancia<\/a><\/li>  \n<li><a class=\"pag\" href=\"http:\/\/tmarchives.com.br\/wp\/?page_id=2604\">A f\u00e9 viva nos sustenta<\/a><\/li>  \n<li><a class=\"pag\" href=\"http:\/\/tmarchives.com.br\/wp\/?page_id=2610\">Decis\u00f5es de sobreviv\u00eancia<\/a><\/li>  \n<li><a class=\"pag\" href=\"http:\/\/tmarchives.com.br\/wp\/?page_id=2613\">Valor da religi\u00e3o<\/a><\/li>  \n<li><a class=\"pag\" href=\"http:\/\/tmarchives.com.br\/wp\/?page_id=2620\">Realidade espiritual<\/a><\/li>  \n<li><a class=\"pag\" href=\"http:\/\/tmarchives.com.br\/wp\/?page_id=2628\">Palavras de Esp\u00edrito e Vida<\/a> <\/li>  \n<li><a class=\"pag\" href=\"http:\/\/tmarchives.com.br\/wp\/?page_id=2649\">Um novo esp\u00edrito<\/a> <\/li>  \n<li><a class=\"pag\" href=\"http:\/\/tmarchives.com.br\/wp\/?page_id=2653\">Progresso Di\u00e1rio<\/a> <\/li>  \n<li><a class=\"pag\" href=\"http:\/\/tmarchives.com.br\/wp\/?page_id=2657\">A Renascen\u00e7a Espiritual<\/a> <\/li>  \n<li><a class=\"pag\" href=\"http:\/\/tmarchives.com.br\/wp\/?page_id=2661\">Valor Espiritual<\/a> <\/li> \n<li><a class=\"pag\" href=\"http:\/\/tmarchives.com.br\/wp\/?page_id=2669\">Educa\u00e7\u00e3o<\/a> <\/li>  \n<li><a class=\"pag\" href=\"http:\/\/tmarchives.com.br\/wp\/?page_id=2671\">Ore uns pelos outros<\/a><\/li>  \n<li><a class=\"pag\" href=\"http:\/\/tmarchives.com.br\/wp\/?page_id=2677\">Deus \u00e9 sempre mais<\/a> <\/li>  \n<li><a class=\"pag\" href=\"http:\/\/tmarchives.com.br\/wp\/?page_id=2800\">Nosso Lar Universal<\/a> &#8211;<\/li>  \n<li><a class=\"pag\" href=\"http:\/\/tmarchives.com.br\/wp\/?page_id=2805\">O medo \u00e9 uma fraude<\/a> <\/li>\n<li><a class=\"pag\" href=\"http:\/\/tmarchives.com.br\/wp\/?page_id=2811\">Compreendendo a vida de Jesus<\/a><\/li>\n<li><a class=\"pag\" href=\"http:\/\/tmarchives.com.br\/wp\/?page_id=2815\">\u00c9tica e Moral<\/a> <\/li>\n<li><a class=\"pag\" href=\"http:\/\/tmarchives.com.br\/wp\/?page_id=2819\">Filhos perfeitos de Deus<\/a> <\/li>\n<li><a class=\"pag\" href=\"http:\/\/tmarchives.com.br\/wp\/?page_id=2824\">Esp\u00edritos valentes<\/a> <\/li>\n<li><a class=\"pag\" href=\"http:\/\/tmarchives.com.br\/wp\/?page_id=2830\">Progresso Espiritual<\/a> <\/li>\n<li><a class=\"pag\" href=\"http:\/\/tmarchives.com.br\/wp\/?page_id=2835\">Experi\u00eancia pessoal<\/a> <\/li>\n<li><a class=\"pag\" href=\"http:\/\/tmarchives.com.br\/wp\/?page_id=2840\">Frutos do espirito<\/a><\/li>\n<li><a class=\"pag\" href=\"http:\/\/tmarchives.com.br\/wp\/?page_id=3003\">Revela\u00e7\u00e3o da Verdade<\/a> <\/li>\n<li><a class=\"pag\" href=\"http:\/\/tmarchives.com.br\/wp\/?page_id=2999\">O segredo da sobreviv\u00eancia<\/a> <\/li>\n<li><a class=\"pag\" href=\"http:\/\/tmarchives.com.br\/wp\/?page_id=2994\">Uma tend\u00eancia louv\u00e1vel<\/a> <\/li>\n<li><a class=\"pag\" href=\"http:\/\/tmarchives.com.br\/wp\/?page_id=2986\">Liberdade e liberdade<\/a><\/li>\n<li><a class=\"pag\" href=\"http:\/\/tmarchives.com.br\/wp\/?page_id=2986\">A presen\u00e7a f\u00edsica do Para\u00edso<\/a><\/li>\n<li><a class=\"pag\" href=\"http:\/\/tmarchives.com.br\/wp\/?page_id=3440\">O Reino em nossas Almas<\/a> <\/li>\n<li><a class=\"pag\" href=\"http:\/\/tmarchives.com.br\/wp\/?page_id=3436\">Evolu\u00e7\u00e3o ordenada<\/a> <\/li>\n<li><a class=\"pag\" href=\"http:\/\/tmarchives.com.br\/wp\/?page_id=3432\">Em e Do Supremo<\/a> <\/li>\n<li><a class=\"pag\" href=\"http:\/\/tmarchives.com.br\/wp\/?page_id=3428\">O motivo espiritual<\/a> <\/li>\n<li><a class=\"pag\" href=\"http:\/\/tmarchives.com.br\/wp\/?page_id=3424\">Enfrentando fatos<\/a> <\/li>\n<li><a class=\"pag\" href=\"http:\/\/tmarchives.com.br\/wp\/?page_id=3420\">Jesus se atreveu a levar mulheres junto<\/a> <\/li>\n<li><a class=\"pag\" href=\"http:\/\/tmarchives.com.br\/wp\/?page_id=3416\">O Pai Amou o Mundo<\/a> <\/li>\n<li><a class=\"pag\" href=\"http:\/\/tmarchives.com.br\/wp\/?page_id=3411\">O eterno filho da miseric\u00f3rdia<\/a> <\/li>\n<li><a class=\"pag\" href=\"http:\/\/tmarchives.com.br\/wp\/?page_id=3406\">Como a revela\u00e7\u00e3o \u00e9 validada<\/a> <\/li>\n<li><a class=\"pag\" href=\"http:\/\/tmarchives.com.br\/wp\/?page_id=3401\">A religi\u00e3o de origem espiritual<\/a> <\/li>\n<li><a class=\"pag\" href=\"http:\/\/tmarchives.com.br\/wp\/?page_id=2505\">Unidade e Fraternidade<\/a> <\/li>\n<li><a class=\"pag\" href=\"http:\/\/tmarchives.com.br\/wp\/?page_id=3143\">Cedo ou tarde<\/a> <\/li>\n<li><a class=\"pag\" href=\"http:\/\/tmarchives.com.br\/wp\/?page_id=3137\">F\u00e9 Humana de Jesus<\/a> <\/li>\n<li><a class=\"pag\" href=\"http:\/\/tmarchives.com.br\/wp\/?page_id=3132\">Consagra\u00e7\u00e3o de Todo o Cora\u00e7\u00e3o<\/a> <\/li>\n<li><a class=\"pag\" href=\"http:\/\/tmarchives.com.br\/wp\/?page_id=3128\">A escada viva<\/a> <\/li>\n<li><a class=\"pag\" href=\"http:\/\/tmarchives.com.br\/wp\/?page_id=3124\">Tr\u00eas tipos de luz<\/a> <\/li>\n<li><a class=\"pag\" href=\"http:\/\/tmarchives.com.br\/wp\/?page_id=3120\">Nossos Novos Ideais<\/a> <\/li>\n<li><a class=\"pag\" href=\"http:\/\/tmarchives.com.br\/wp\/?page_id=2982\">Personalidade<\/a> <\/li>\n<li><a class=\"pag\" href=\"http:\/\/tmarchives.com.br\/wp\/?page_id=3049\">Gravidade da Alma<\/a><\/li>\n<li><a class=\"pag\" href=\"http:\/\/tmarchives.com.br\/wp\/?page_id=2977\">As portas est\u00e3o abertas<\/a> <\/li>\n<li><a class=\"pag\" href=\"http:\/\/tmarchives.com.br\/wp\/?page_id=2972\">Competi\u00e7\u00e3o implac\u00e1vel<\/a> <\/li>\n<li><a class=\"pag\" href=\"http:\/\/tmarchives.com.br\/wp\/?page_id=2967\">O tempo \u00e9 essencial<\/a><\/li>\n<li><a class=\"pag\" href=\"http:\/\/tmarchives.com.br\/wp\/?page_id=2962\">Auto-controle<\/a><\/li>\n<li><a class=\"pag\" href=\"http:\/\/tmarchives.com.br\/wp\/?page_id=2958\">Estes pap\u00e9is<\/a> <\/li>\n<li><a class=\"pag\" href=\"http:\/\/tmarchives.com.br\/wp\/?page_id=2955\">Muitas religi\u00f5es<\/a> <\/li>\n<li><a class=\"pag\" href=\"http:\/\/tmarchives.com.br\/wp\/?page_id=2949\">Eu moro em seguran\u00e7a<\/a> <\/li>\n<li><a class=\"pag\" href=\"http:\/\/tmarchives.com.br\/wp\/?page_id=2945\">A natureza de Deus<\/a><\/li>\n<li><a class=\"pag\" href=\"http:\/\/tmarchives.com.br\/wp\/?page_id=2938\">O grande Eu Sou<\/a> <\/li>\n<li><a class=\"pag\" href=\"http:\/\/tmarchives.com.br\/wp\/?page_id=2934\">F\u00e9 e coragem<\/a><\/li>\n<li><a class=\"pag\" href=\"http:\/\/tmarchives.com.br\/wp\/?page_id=2859\">Experimentando uma nova verdade juntos<\/a><\/li>\n<li><a class=\"pag\" href=\"http:\/\/tmarchives.com.br\/wp\/?page_id=2889\">A luz da salva\u00e7\u00e3o<\/a><\/li>\n<li><a class=\"pag\" href=\"http:\/\/tmarchives.com.br\/wp\/?page_id=2895\">Cora\u00e7\u00f5es Limpos<\/a><\/li>\n<li><a class=\"pag\" href=\"http:\/\/tmarchives.com.br\/wp\/?page_id=2901\">Religi\u00e3o reveladora<\/a><\/li>\n<li><a class=\"pag\" href=\"http:\/\/tmarchives.com.br\/wp\/?page_id=2907\">Pai, irm\u00e3o, amigo<\/a><\/li>\n<li><a class=\"pag\" href=\"http:\/\/tmarchives.com.br\/wp\/?page_id=2913\">Verdade absoluta<\/a><\/li>\n<li><a class=\"pag\" href=\"http:\/\/tmarchives.com.br\/wp\/?page_id=2918\">Budismo<\/a> <\/li>\n<li><a class=\"pag\" href=\"http:\/\/tmarchives.com.br\/wp\/?page_id=2925\">Servi\u00e7o amoroso e altru\u00edsta<\/a><\/li>\n<li><a class=\"pag\" href=\"http:\/\/tmarchives.com.br\/wp\/?page_id=3007\">Religi\u00e3o Viva de Jesus<\/a><\/li>\n<li><a class=\"pag\" href=\"http:\/\/tmarchives.com.br\/wp\/?page_id=3055\">A verdadeira igreja<\/a><\/li>\n<li><a class=\"pag\" href=\"http:\/\/tmarchives.com.br\/wp\/?page_id=3060\">For\u00e7a com sabedoria<\/a><\/li>\n<li><a class=\"pag\" href=\"http:\/\/tmarchives.com.br\/wp\/?page_id=3067\">Ajuda dupla<\/a><\/li>\n<li><a class=\"pag\" href=\"http:\/\/tmarchives.com.br\/wp\/?page_id=3073\">A Grande Alian\u00e7a Urantiana<\/a><\/li>\n<li><a class=\"pag\" href=\"http:\/\/tmarchives.com.br\/wp\/?page_id=3077\">P\u00e9rolas aos su\u00ednos<\/a><\/li>\n<li><a class=\"pag\" href=\"http:\/\/tmarchives.com.br\/wp\/?page_id=3084\">O Chamado do Reino<\/a><\/li>\n<li><a class=\"pag\" href=\"http:\/\/tmarchives.com.br\/wp\/?page_id=3090\">Natanael e Tom\u00e9 descrevem Jesus<\/a><\/li>\n<li><a class=\"pag\" href=\"http:\/\/tmarchives.com.br\/wp\/?page_id=3096\">Uma Cria\u00e7\u00e3o Rica<\/a><\/li>\n<li><a class=\"pag\" href=\"http:\/\/tmarchives.com.br\/wp\/?page_id=3101\">Deus ama como um pai<\/a><\/li>\n<li><a class=\"pag\" href=\"http:\/\/tmarchives.com.br\/wp\/?page_id=3106\">A satisfa\u00e7\u00e3o de um trabalho bem executado<\/a><\/li>\n<li><a class=\"pag\" href=\"http:\/\/tmarchives.com.br\/wp\/?page_id=3110\">A Grande Lei da Justi\u00e7a Humana<\/a><\/li>\n<li><a class=\"pag\" href=\"http:\/\/tmarchives.com.br\/wp\/?page_id=3114\">As del\u00edcias do servi\u00e7o intermin\u00e1vel<\/a><\/li>\n<\/strong><\/ol>\n\n\n\n<p class=\"has-text-align-right\">&nbsp;<\/p>\n<p style=\"text-align: right;\"><a class=\"pag\" href=\"https:\/\/tmarchives.com.br\/wp\/?page_id=3037\">Anteriores<\/a>| <a class=\"pag\" href=\"https:\/\/tmarchives.com.br\/wp\/?page_id=2090\">Pr\u00f3ximos<\/a> <\/p>\n\n\n\n<p><\/p>\n","protected":false},"excerpt":{"rendered":"<p>Pensamentos para refletir sobre O Livro de Ur\u00e2ntia. Progresso do Esp\u00edrito Escolhendo a sobreviv\u00eancia A alma imortal Orar Apenas uma batalha Feliz Dia das M\u00e3es! Energias Redirecionadas Todas as necessidades fornecidas A sombra do erro Ore como uma crian\u00e7a Um ant\u00eddoto divino F\u00e9 Crescente Mais [&hellip;]<\/p>\n","protected":false},"author":1,"featured_media":0,"parent":0,"menu_order":0,"comment_status":"closed","ping_status":"closed","template":"","meta":{"footnotes":""},"class_list":["post-1340","page","type-page","status-publish","hentry"],"_links":{"self":[{"href":"https:\/\/tmarchives.com.br\/wp\/index.php?rest_route=\/wp\/v2\/pages\/1340","targetHints":{"allow":["GET"]}}],"collection":[{"href":"https:\/\/tmarchives.com.br\/wp\/index.php?rest_route=\/wp\/v2\/pages"}],"about":[{"href":"https:\/\/tmarchives.com.br\/wp\/index.php?rest_route=\/wp\/v2\/types\/page"}],"author":[{"embeddable":true,"href":"https:\/\/tmarchives.com.br\/wp\/index.php?rest_route=\/wp\/v2\/users\/1"}],"replies":[{"embeddable":true,"href":"https:\/\/tmarchives.com.br\/wp\/index.php?rest_route=%2Fwp%2Fv2%2Fcomments&post=1340"}],"version-history":[{"count":255,"href":"https:\/\/tmarchives.com.br\/wp\/index.php?rest_route=\/wp\/v2\/pages\/1340\/revisions"}],"predecessor-version":[{"id":3521,"href":"https:\/\/tmarchives.com.br\/wp\/index.php?rest_route=\/wp\/v2\/pages\/1340\/revisions\/3521"}],"wp:attachment":[{"href":"https:\/\/tmarchives.com.br\/wp\/index.php?rest_route=%2Fwp%2Fv2%2Fmedia&parent=1340"}],"curies":[{"name":"wp","href":"https:\/\/api.w.org\/{rel}","templated":true}]}}