{"id":12254,"date":"2025-10-09T11:33:05","date_gmt":"2025-10-09T14:33:05","guid":{"rendered":"https:\/\/tmarchives.com.br\/wp\/?page_id=12254"},"modified":"2025-10-09T11:36:03","modified_gmt":"2025-10-09T14:36:03","slug":"uma-revelacao-divina","status":"publish","type":"page","link":"https:\/\/tmarchives.com.br\/wp\/?page_id=12254","title":{"rendered":"Uma Revela\u00e7\u00e3o Divina\u00a0"},"content":{"rendered":"\n<p>Desde 1955, a Funda\u00e7\u00e3o Ur\u00e2ntia vendeu ou distribuiu mais de 750.000 exemplares do Livro de Ur\u00e2ntia, em 27 idiomas. Essa Revela\u00e7\u00e3o, compilada ao longo de 20 anos, descreve a Divindade, a Cria\u00e7\u00e3o e a hist\u00f3ria da Terra (Ur\u00e2ntia), fazendo ainda um relato completo da vida e ensinamentos de Jesus de Nazar\u00e9, ano ap\u00f3s ano.<\/p>\n\n\n\n<p>As 2.097 p\u00e1ginas do Livro de Ur\u00e2ntia revelam, na Ilha Central do Para\u00edso, a pr\u00f3pria forma\u00e7\u00e3o da Trindade Suprema e Suas a\u00e7\u00f5es, que se estendem al\u00e9m dos sete super-universos do tempo-espa\u00e7o. N\u00e9badon, nosso universo local em desenvolvimento, inclui quase quatro dos dez milh\u00f5es de planetas planejados para a vida humana. \u00c9 governado por Cristo Micael (Jesus) e o Esp\u00edrito Materno, com o seu primog\u00eanito Gabriel. Emanuel continua com Ele em S\u00e1lvington.<\/p>\n\n\n\n<p>Os 196 Documentos do LU foram compilados aos domingos, em segredo, por uma Comiss\u00e3o de Contato de cinco membros que trabalhava com um F\u00f3rum de trinta pessoas, em um grupo vari\u00e1vel de 486 cidad\u00e3os ao longo dos anos. Seu coordenador era o Dr. William Samuel Sadler, psicanalista. Os autores foram personalidades celestiais designadas para esse fim, utilizando &#8220;m\u00e9todos superiormente autorizados&#8221;. As 765 p\u00e1ginas sobre a Vida e Ensinamentos de Jesus foram escritas por Seres Intermedi\u00e1rios.<\/p>\n\n\n\n<p>Segundo O Livro de Ur\u00e2ntia, com o Filho Eterno o Pai \u201csuperou as limita\u00e7\u00f5es de Sua infinitude&#8221;. Juntos, eles conceberam o Esp\u00edrito Infinito e formaram a Trindade Suprema, &#8220;nos albores da eternidade&#8221;. A partir de ent\u00e3o, a Trindade criou os primeiros registros escritos do Para\u00edso e construiu um bilh\u00e3o de sat\u00e9lites perfeitos no Universo Central de Havona. Depois vieram os sete superuniversos do tempo-espa\u00e7o, com esferas arquitet\u00f4nicas e planetas geol\u00f3gicos, para humanos ascendentes.<\/p>\n\n\n\n<p>Os sete superuniversos do tempo-espa\u00e7o cont\u00eam 700.000 universos locais, todos eles destinados aos Filhos Criadores como Cristo Micael. H\u00e1 400 bilh\u00f5es de anos, como Filho Criador Menor, Ele come\u00e7ou a organizar o nosso universo local de N\u00e9badon e gradualmente expandiu Sua soberania. A expans\u00e3o incluiu 7 encarna\u00e7\u00f5es. Em Ur\u00e2ntia, na s\u00e9tima encarna\u00e7\u00e3o, Ele alcan\u00e7ou o status de Filho Criador Maior e Sua vida se tornou a Religi\u00e3o Viva para os mundos de N\u00e9badon.<\/p>\n\n\n\n<p>Os Portadores da Vida introduziram a vida unicelular na Terra h\u00e1 550 milh\u00f5es de anos, supervisionando a evolu\u00e7\u00e3o de plantas, animais, peixes, anf\u00edbios, r\u00e9pteis, mam\u00edferos e primatas. O primeiro casal humano (Andon e Fonta), apareceu h\u00e1 um milh\u00e3o de anos no Oeste da \u00cdndia. Dentre seus descendentes, 500 mil anos depois, surgiram seis ra\u00e7as de cor. Para elevar essas ra\u00e7as evolutivas, Ad\u00e3o e Eva chegaram do espa\u00e7o h\u00e1 38 mil anos. &nbsp;<\/p>\n\n\n\n<p>Ad\u00e3o e Eva viveram por 117 anos no Jardim do \u00c9den, tendo 1.647 descendentes antes de sua queda. Al\u00e9m desses filhos com Eva, Ad\u00e3o foi pai de 1.570 filhos com mulheres das tribos vizinhas ao Segundo Jardim, exercendo o papel de elevador biol\u00f3gico que os Ad\u00f5es exercem em todos os mundos geol\u00f3gicos. Evolucionistas e Criacionistas se digladiaram t\u00e3o sinceramente, cada um deles com metade da verdade completa&#8230;<\/p>\n\n\n\n<p>O Livro de Ur\u00e2ntia revela que a verdadeira religi\u00e3o se baseia na paternidade de Deus e na fraternidade humana. Cada fiel pode pratic\u00e1-la individualmente, em comunh\u00e3o com seu Deus interior e sem templos, rituais, d\u00edzimos ou dogmas. Esse Deus interior (o Ajustador do Pensamento), cocria com a mente uma alma que se torna imortal quando o livre-arb\u00edtrio se alinha perfeitamente com a Vontade de Deus, a caminho do Para\u00edso.<\/p>\n\n\n\n<p>Em 12 de outubro de 2025 o LU completa 70 anos de publica\u00e7\u00e3o. A Funda\u00e7\u00e3o Ur\u00e2ntia n\u00e3o faz publicidade aberta, deixando que essa Revela\u00e7\u00e3o seja conhecida progressivamente. Pouco a pouco, seus princ\u00edpios definir\u00e3o melhor a nossa hist\u00f3ria e as religi\u00f5es, ci\u00eancias e filosofias. O Pai n\u00e3o tem pressa, pois o tempo inexiste no Para\u00edso e a eternidade dita o compasso de Suas a\u00e7\u00f5es.<\/p>\n\n\n\n<p style=\"font-size:12px\"><strong>Bras\u00edlia, 8 de outubro de 2025<\/strong><\/p>\n\n\n\n<p><\/p>\n","protected":false},"excerpt":{"rendered":"<p>Desde 1955, a Funda\u00e7\u00e3o Ur\u00e2ntia vendeu ou distribuiu mais de 750.000 exemplares do Livro de Ur\u00e2ntia, em 27 idiomas. Essa Revela\u00e7\u00e3o, compilada ao longo de 20 anos, descreve a Divindade, a Cria\u00e7\u00e3o e a hist\u00f3ria da Terra (Ur\u00e2ntia), fazendo ainda um relato completo da vida [&hellip;]<\/p>\n","protected":false},"author":1,"featured_media":0,"parent":0,"menu_order":0,"comment_status":"closed","ping_status":"closed","template":"","meta":{"footnotes":""},"class_list":["post-12254","page","type-page","status-publish","hentry"],"_links":{"self":[{"href":"https:\/\/tmarchives.com.br\/wp\/index.php?rest_route=\/wp\/v2\/pages\/12254","targetHints":{"allow":["GET"]}}],"collection":[{"href":"https:\/\/tmarchives.com.br\/wp\/index.php?rest_route=\/wp\/v2\/pages"}],"about":[{"href":"https:\/\/tmarchives.com.br\/wp\/index.php?rest_route=\/wp\/v2\/types\/page"}],"author":[{"embeddable":true,"href":"https:\/\/tmarchives.com.br\/wp\/index.php?rest_route=\/wp\/v2\/users\/1"}],"replies":[{"embeddable":true,"href":"https:\/\/tmarchives.com.br\/wp\/index.php?rest_route=%2Fwp%2Fv2%2Fcomments&post=12254"}],"version-history":[{"count":2,"href":"https:\/\/tmarchives.com.br\/wp\/index.php?rest_route=\/wp\/v2\/pages\/12254\/revisions"}],"predecessor-version":[{"id":12257,"href":"https:\/\/tmarchives.com.br\/wp\/index.php?rest_route=\/wp\/v2\/pages\/12254\/revisions\/12257"}],"wp:attachment":[{"href":"https:\/\/tmarchives.com.br\/wp\/index.php?rest_route=%2Fwp%2Fv2%2Fmedia&parent=12254"}],"curies":[{"name":"wp","href":"https:\/\/api.w.org\/{rel}","templated":true}]}}